{"id":6418,"date":"2024-03-14T15:10:26","date_gmt":"2024-03-14T15:10:26","guid":{"rendered":"https:\/\/tidalmarine.com\/product\/sk-vrl-91\/"},"modified":"2025-03-31T18:11:00","modified_gmt":"2025-03-31T18:11:00","slug":"sk-vrl-91","status":"publish","type":"product","link":"https:\/\/tidalmarine.com\/fr\/produit\/sk-vrl-91\/","title":{"rendered":"SK-VRL-91"},"content":{"rendered":"<p>5,4 NM de jour et 23 NM de nuit. Le feu de signalisation \u00e0 DEL haute puissance VRL-91 fait partie de la gamme de balises marines \u00e0 DEL de Vega et est destin\u00e9 aux applications n\u00e9cessitant une intensit\u00e9 tr\u00e8s \u00e9lev\u00e9e. Une lentille blanche unique du VRL-91 utilisant une seule DEL produit une intensit\u00e9 pouvant atteindre 403 000 candelas, offrant une port\u00e9e de 23 NM \u00e0 0,74T en l&rsquo;absence de lumi\u00e8re ambiante.<\/p>\n","protected":false},"excerpt":{"rendered":"<p>5,4 NM de jour et 23 NM de nuit. Le feu de signalisation \u00e0 DEL haute puissance VRL-91 fait partie de la gamme de balises marines \u00e0 DEL de Vega et est destin\u00e9 aux applications n\u00e9cessitant une intensit\u00e9 tr\u00e8s \u00e9lev\u00e9e. Une lentille blanche unique du VRL-91 utilisant une seule DEL produit une intensit\u00e9 pouvant atteindre [&hellip;]<\/p>\n","protected":false},"featured_media":3644,"menu_order":112,"template":"","meta":{"_acf_changed":false,"inline_featured_image":false},"product_brand":[],"product_cat":[225,226],"product_tag":[],"class_list":{"0":"post-6418","1":"product","2":"type-product","3":"status-publish","4":"has-post-thumbnail","6":"product_cat-aides-a-la-navigation","7":"product_cat-signaux-maritimes","8":"signaux-maritimes","10":"first","11":"instock","12":"shipping-taxable","13":"product-type-simple"},"acf":{"ms-features":"<span style=\"font-weight: 400;\">Correction automatique de l'intensit\u00e9 de Schmidt-Clausen pour les \u00e9clairs brefs<\/span>\n\n<span style=\"font-weight: 400;\">Plusieurs r\u00e9glages d'intensit\u00e9 effective pour le fonctionnement de jour et de nuit<\/span>\n\n<span style=\"font-weight: 400;\">Param\u00e8tres du niveau de transition jour\/nuit<\/span>\n\n<span style=\"font-weight: 400;\">Caract\u00e8res de flash enti\u00e8rement programmables<\/span>\n\n<span style=\"font-weight: 400;\">Caract\u00e8res de flash enti\u00e8rement programmables<\/span>\n\n<span style=\"font-weight: 400;\">Contr\u00f4le de synchronisation incluant les options ma\u00eetre\/esclave et le d\u00e9lai de synchronisation (optionnel)<\/span>\n\n<span style=\"font-weight: 400;\">Surveillance de la tension d'alimentation<\/span>\n\n<span style=\"font-weight: 400;\">Coupure programmable en cas de basse tension<\/span>\n\n<span style=\"font-weight: 400;\">Port de donn\u00e9es RS-232 compatible (optionnel)<\/span>\n\n<span style=\"font-weight: 400;\">Code de s\u00e9curit\u00e9 optionnel<\/span>","ms-specifications":[{"resource":{"title":"","url":"https:\/\/tidalmarine.com\/assets\/SK-VRL-91.pdf","target":"_blank"},"title":"","link_image":6953}]},"_links":{"self":[{"href":"https:\/\/tidalmarine.com\/fr\/wp-json\/wp\/v2\/product\/6418","targetHints":{"allow":["GET"]}}],"collection":[{"href":"https:\/\/tidalmarine.com\/fr\/wp-json\/wp\/v2\/product"}],"about":[{"href":"https:\/\/tidalmarine.com\/fr\/wp-json\/wp\/v2\/types\/product"}],"wp:featuredmedia":[{"embeddable":true,"href":"https:\/\/tidalmarine.com\/fr\/wp-json\/wp\/v2\/media\/3644"}],"wp:attachment":[{"href":"https:\/\/tidalmarine.com\/fr\/wp-json\/wp\/v2\/media?parent=6418"}],"wp:term":[{"taxonomy":"product_brand","embeddable":true,"href":"https:\/\/tidalmarine.com\/fr\/wp-json\/wp\/v2\/product_brand?post=6418"},{"taxonomy":"product_cat","embeddable":true,"href":"https:\/\/tidalmarine.com\/fr\/wp-json\/wp\/v2\/product_cat?post=6418"},{"taxonomy":"product_tag","embeddable":true,"href":"https:\/\/tidalmarine.com\/fr\/wp-json\/wp\/v2\/product_tag?post=6418"}],"curies":[{"name":"wp","href":"https:\/\/api.w.org\/{rel}","templated":true}]}}