{"id":6419,"date":"2024-03-14T15:09:59","date_gmt":"2024-03-14T15:09:59","guid":{"rendered":"https:\/\/tidalmarine.com\/product\/sk-vrl-74\/"},"modified":"2024-03-14T15:09:59","modified_gmt":"2024-03-14T15:09:59","slug":"sk-vrl-74","status":"publish","type":"product","link":"https:\/\/tidalmarine.com\/fr\/produit\/sk-vrl-74\/","title":{"rendered":"SK-VRL-74"},"content":{"rendered":"<p><span style=\"font-weight: 400;\">13 NM &#8211; 22 NM @ 0.74T. Le VRL-74 est un feu d\u2019alignement \u00e0 DEL fonctionnant \u00e0 travers une lentille en acrylique de qualit\u00e9 optique. Les profils horizontaux et verticaux peuvent \u00eatre \u00e9largis \u00e0 l\u2019aide de lentilles de diffusion. L\u2019offre standard du VRL-74 comprend de 1 \u00e0 6 lentilles diff\u00e9rentes et est disponible en 5 couleurs selon vos besoins.<\/span><\/p>\n","protected":false},"excerpt":{"rendered":"<p>13 NM &#8211; 22 NM @ 0.74T. Le VRL-74 est un feu d\u2019alignement \u00e0 DEL fonctionnant \u00e0 travers une lentille en acrylique de qualit\u00e9 optique. Les profils horizontaux et verticaux peuvent \u00eatre \u00e9largis \u00e0 l\u2019aide de lentilles de diffusion. L\u2019offre standard du VRL-74 comprend de 1 \u00e0 6 lentilles diff\u00e9rentes et est disponible en 5 [&hellip;]<\/p>\n","protected":false},"featured_media":3643,"menu_order":110,"template":"","meta":{"_acf_changed":false,"inline_featured_image":false},"product_brand":[],"product_cat":[225,226],"product_tag":[],"class_list":{"0":"post-6419","1":"product","2":"type-product","3":"status-publish","4":"has-post-thumbnail","6":"product_cat-aides-a-la-navigation","7":"product_cat-signaux-maritimes","8":"signaux-maritimes","10":"first","11":"instock","12":"shipping-taxable","13":"product-type-simple"},"acf":{"ms-features":"<span style=\"font-weight: 400;\">Plusieurs r\u00e9glages d'intensit\u00e9 effective pour le fonctionnement de jour et de nuit<\/span>\n\n<span style=\"font-weight: 400;\">Param\u00e8tres du niveau de transition jour\/nuit<\/span>\n\n<span style=\"font-weight: 400;\">Caract\u00e8res de clignotement programmables<\/span>\n\n<span style=\"font-weight: 400;\">Contr\u00f4le de synchronisation, options ma\u00eetre\/esclave<\/span>\n\n<span style=\"font-weight: 400;\">Coupure en cas de basse tension<\/span>\n\n<span style=\"font-weight: 400;\">Code de s\u00e9curit\u00e9 optionnel<\/span>\n\n<span style=\"font-weight: 400;\">Correction automatique de l'intensit\u00e9 de Schmidt-Clausen pour les \u00e9clairs brefs<\/span>","ms-specifications":[{"resource":{"title":"","url":"https:\/\/tidalmarine.com\/assets\/SK-VRL-74.pdf","target":"_blank"},"title":"","link_image":6951}]},"_links":{"self":[{"href":"https:\/\/tidalmarine.com\/fr\/wp-json\/wp\/v2\/product\/6419","targetHints":{"allow":["GET"]}}],"collection":[{"href":"https:\/\/tidalmarine.com\/fr\/wp-json\/wp\/v2\/product"}],"about":[{"href":"https:\/\/tidalmarine.com\/fr\/wp-json\/wp\/v2\/types\/product"}],"wp:featuredmedia":[{"embeddable":true,"href":"https:\/\/tidalmarine.com\/fr\/wp-json\/wp\/v2\/media\/3643"}],"wp:attachment":[{"href":"https:\/\/tidalmarine.com\/fr\/wp-json\/wp\/v2\/media?parent=6419"}],"wp:term":[{"taxonomy":"product_brand","embeddable":true,"href":"https:\/\/tidalmarine.com\/fr\/wp-json\/wp\/v2\/product_brand?post=6419"},{"taxonomy":"product_cat","embeddable":true,"href":"https:\/\/tidalmarine.com\/fr\/wp-json\/wp\/v2\/product_cat?post=6419"},{"taxonomy":"product_tag","embeddable":true,"href":"https:\/\/tidalmarine.com\/fr\/wp-json\/wp\/v2\/product_tag?post=6419"}],"curies":[{"name":"wp","href":"https:\/\/api.w.org\/{rel}","templated":true}]}}