{"id":6420,"date":"2024-03-14T15:09:35","date_gmt":"2024-03-14T15:09:35","guid":{"rendered":"https:\/\/tidalmarine.com\/product\/sk-vrb-25\/"},"modified":"2024-03-14T15:09:35","modified_gmt":"2024-03-14T15:09:35","slug":"sk-vrb-25","status":"publish","type":"product","link":"https:\/\/tidalmarine.com\/fr\/produit\/sk-vrb-25\/","title":{"rendered":"SK-VRB-25"},"content":{"rendered":"<p><span style=\"font-weight: 400;\">Gyrophare, 25\u202fMN \u00e0 0,74T. Le VRB-25 DEL est un gyrophare \u00e0 haute intensit\u00e9 adapt\u00e9 \u00e0 des port\u00e9es allant jusqu\u2019\u00e0 25 milles nautiques. \u00c9tant un gyrophare \u00e0 DEL, il est extr\u00eamement \u00e9co\u00e9nerg\u00e9tique et peut \u00eatre surveill\u00e9 num\u00e9riquement. Il constitue un remplacement id\u00e9al pour les gyrophares \u00e0 lentilles de Fresnel dans les phares historiques ou dans les emplacements n\u00e9cessitant des intensit\u00e9s sup\u00e9rieures \u00e0 celles qu\u2019offrent les feux fixes classiques.<\/span><\/p>\n","protected":false},"excerpt":{"rendered":"<p>Gyrophare, 25\u202fMN \u00e0 0,74T. Le VRB-25 DEL est un gyrophare \u00e0 haute intensit\u00e9 adapt\u00e9 \u00e0 des port\u00e9es allant jusqu\u2019\u00e0 25 milles nautiques. \u00c9tant un gyrophare \u00e0 DEL, il est extr\u00eamement \u00e9co\u00e9nerg\u00e9tique et peut \u00eatre surveill\u00e9 num\u00e9riquement. Il constitue un remplacement id\u00e9al pour les gyrophares \u00e0 lentilles de Fresnel dans les phares historiques ou dans les [&hellip;]<\/p>\n","protected":false},"featured_media":3642,"menu_order":128,"template":"","meta":{"_acf_changed":false,"inline_featured_image":false},"product_brand":[],"product_cat":[225,226],"product_tag":[],"class_list":{"0":"post-6420","1":"product","2":"type-product","3":"status-publish","4":"has-post-thumbnail","6":"product_cat-aides-a-la-navigation","7":"product_cat-signaux-maritimes","8":"signaux-maritimes","10":"first","11":"instock","12":"shipping-taxable","13":"product-type-simple"},"acf":{"ms-features":"<span style=\"font-weight: 400;\">Bo\u00eetier \u00e9tanche adapt\u00e9 \u00e0 une installation ext\u00e9rieure<\/span>\n\n<span style=\"font-weight: 400;\">DEL sans entretien<\/span>\n\n<span style=\"font-weight: 400;\">Pilotes de DEL \u00e0 courant constant<\/span>\n\n<span style=\"font-weight: 400;\">Moteur sans balais \u00e0 entra\u00eenement direct<\/span>\n\n<span style=\"font-weight: 400;\">Vitesse de rotation de 0,6 \u00e0 15,9\u202ftr\/min avec 240 incr\u00e9ments<\/span>\n\n<span style=\"font-weight: 400;\">L\u2019intensit\u00e9 de jour et de nuit est r\u00e9glable de 0 \u00e0 100\u202f%<\/span>\n\n<span style=\"font-weight: 400;\">D\u00e9tection automatique jour\/nuit<\/span>\n\n<span style=\"font-weight: 400;\">Code de s\u00e9curit\u00e9 optionnel<\/span>\n\n<span style=\"font-weight: 400;\">Coupure programmable en cas de basse tension<\/span>\n\n<span style=\"font-weight: 400;\">Mode de fonctionnement ma\u00eetre\/secours s\u00e9lectionnable<\/span>\n\n<span style=\"font-weight: 400;\">Entr\u00e9es\/sorties num\u00e9riques<\/span>\n\n<span style=\"font-weight: 400;\">Port RS232<\/span>","ms-specifications":[{"resource":{"title":"","url":"https:\/\/tidalmarine.com\/assets\/SK-VRB-25.pdf","target":"_blank"},"title":"","link_image":6975}]},"_links":{"self":[{"href":"https:\/\/tidalmarine.com\/fr\/wp-json\/wp\/v2\/product\/6420","targetHints":{"allow":["GET"]}}],"collection":[{"href":"https:\/\/tidalmarine.com\/fr\/wp-json\/wp\/v2\/product"}],"about":[{"href":"https:\/\/tidalmarine.com\/fr\/wp-json\/wp\/v2\/types\/product"}],"wp:featuredmedia":[{"embeddable":true,"href":"https:\/\/tidalmarine.com\/fr\/wp-json\/wp\/v2\/media\/3642"}],"wp:attachment":[{"href":"https:\/\/tidalmarine.com\/fr\/wp-json\/wp\/v2\/media?parent=6420"}],"wp:term":[{"taxonomy":"product_brand","embeddable":true,"href":"https:\/\/tidalmarine.com\/fr\/wp-json\/wp\/v2\/product_brand?post=6420"},{"taxonomy":"product_cat","embeddable":true,"href":"https:\/\/tidalmarine.com\/fr\/wp-json\/wp\/v2\/product_cat?post=6420"},{"taxonomy":"product_tag","embeddable":true,"href":"https:\/\/tidalmarine.com\/fr\/wp-json\/wp\/v2\/product_tag?post=6420"}],"curies":[{"name":"wp","href":"https:\/\/api.w.org\/{rel}","templated":true}]}}