{"id":6421,"date":"2024-03-14T15:09:17","date_gmt":"2024-03-14T15:09:17","guid":{"rendered":"https:\/\/tidalmarine.com\/product\/sk-vp-led\/"},"modified":"2024-03-14T15:09:17","modified_gmt":"2024-03-14T15:09:17","slug":"sk-vp-led","status":"publish","type":"product","link":"https:\/\/tidalmarine.com\/fr\/produit\/sk-vp-led\/","title":{"rendered":"SK-VP-LED"},"content":{"rendered":"<p><span style=\"font-weight: 400;\">Fabriqu\u00e9e en aluminium marin de qualit\u00e9 durable, la lanterne tricolore pour bou\u00e9e VP II est soigneusement con\u00e7ue et fabriqu\u00e9e pour des conditions de glace mod\u00e9r\u00e9es. Sa r\u00e9sistance \u00e9prouv\u00e9e \u00e0 la pression et aux forces de la glace, combin\u00e9e \u00e0 sa conception \u00e9pur\u00e9e et profil bas, fait de la VP II un \u00e9l\u00e9ment essentiel dans les environnements marins difficiles. Sp\u00e9cialement adapt\u00e9e aux bou\u00e9es et espars en plastique pour conditions glaciales, la VP II excelle l\u00e0 o\u00f9 des solutions l\u00e9g\u00e8res sont indispensables. Gr\u00e2ce \u00e0 sa fonctionnalit\u00e9 tricolore (rouge\/vert\/blanc ou rouge\/vert\/jaune), cette lanterne offre une signalisation polyvalente dans une unit\u00e9 homog\u00e8ne. Ce qui la distingue encore davantage, c\u2019est sa consommation d\u2019\u00e9nergie remarquablement faible, ce qui en fait un choix id\u00e9al pour un fonctionnement sur batterie principale, garantissant \u00e0 la fois performance durable et efficacit\u00e9.<\/span><\/p>\n","protected":false},"excerpt":{"rendered":"<p>Fabriqu\u00e9e en aluminium marin de qualit\u00e9 durable, la lanterne tricolore pour bou\u00e9e VP II est soigneusement con\u00e7ue et fabriqu\u00e9e pour des conditions de glace mod\u00e9r\u00e9es. Sa r\u00e9sistance \u00e9prouv\u00e9e \u00e0 la pression et aux forces de la glace, combin\u00e9e \u00e0 sa conception \u00e9pur\u00e9e et profil bas, fait de la VP II un \u00e9l\u00e9ment essentiel dans les [&hellip;]<\/p>\n","protected":false},"featured_media":3641,"menu_order":107,"template":"","meta":{"_acf_changed":false,"inline_featured_image":false},"product_brand":[],"product_cat":[225,226],"product_tag":[],"class_list":{"0":"post-6421","1":"product","2":"type-product","3":"status-publish","4":"has-post-thumbnail","6":"product_cat-aides-a-la-navigation","7":"product_cat-signaux-maritimes","8":"signaux-maritimes","10":"first","11":"instock","12":"shipping-taxable","13":"product-type-simple"},"acf":{"ms-features":"<span style=\"font-weight: 400;\">Port\u00e9e allant jusqu\u2019\u00e0 8 MN (Tc = 0,74)<\/span>\n\n<span style=\"font-weight: 400;\">Con\u00e7u pour \u00eatre enti\u00e8rement \u00e9tanche, peut supporter une immersion prolong\u00e9e<\/span>\n\n<span style=\"font-weight: 400;\">Fonctionnalit\u00e9 tricolore, rouge\/vert\/blanc ou rouge\/vert\/jaune dans une seule lanterne<\/span>\n\n<span style=\"font-weight: 400;\">Consommation d\u2019\u00e9nergie extr\u00eamement faible, id\u00e9ale pour un fonctionnement sur batterie principale<\/span>\n\n<span style=\"font-weight: 400;\">Programmation par Bluetooth<\/span>\n\n<span style=\"font-weight: 400;\">Intensit\u00e9 et port\u00e9e r\u00e9glables<\/span>\n\n<span style=\"font-weight: 400;\">Journal des \u00e9v\u00e9nements et fonctionnalit\u00e9 de calendrier<\/span>\n\n<span style=\"font-weight: 400;\">Optionnel\u202f:<\/span>\n\n<span style=\"font-weight: 400;\">Technologie de surveillance \u00e0 distance LTE-M longue port\u00e9e<\/span>\n\n<span style=\"font-weight: 400;\">Surveillance de position GNSS, pr\u00e9cision de 2,5\u202fm CEP<\/span>\n\n<span style=\"font-weight: 400;\">Synchronisation GNSS avec un d\u00e9lai r\u00e9glable<\/span>","ms-specifications":[{"resource":{"title":"","url":"https:\/\/tidalmarine.com\/assets\/SK-VP-II.pdf","target":"_blank"},"title":"","link_image":6947}]},"yoast_head":"<!-- This site is optimized with the Yoast SEO plugin v27.4 - https:\/\/yoast.com\/product\/yoast-seo-wordpress\/ -->\n<title>SK-VP-LED - Tidal Marine<\/title>\n<meta name=\"robots\" content=\"index, follow, max-snippet:-1, max-image-preview:large, max-video-preview:-1\" \/>\n<link rel=\"canonical\" href=\"https:\/\/tidalmarine.com\/product\/sk-vp-ii\/\" \/>\n<meta property=\"og:locale\" content=\"fr_FR\" \/>\n<meta property=\"og:type\" content=\"article\" \/>\n<meta property=\"og:title\" content=\"SK-VP-LED - Tidal Marine\" \/>\n<meta property=\"og:description\" content=\"Fabriqu\u00e9e en aluminium marin de qualit\u00e9 durable, la lanterne tricolore pour bou\u00e9e VP II est soigneusement con\u00e7ue et fabriqu\u00e9e pour des conditions de glace mod\u00e9r\u00e9es. Sa r\u00e9sistance \u00e9prouv\u00e9e \u00e0 la pression et aux forces de la glace, combin\u00e9e \u00e0 sa conception \u00e9pur\u00e9e et profil bas, fait de la VP II un \u00e9l\u00e9ment essentiel dans les [&hellip;]\" \/>\n<meta property=\"og:url\" content=\"https:\/\/tidalmarine.com\/product\/sk-vp-ii\/\" \/>\n<meta property=\"og:site_name\" content=\"Tidal Marine\" \/>\n<meta property=\"article:publisher\" content=\"https:\/\/www.facebook.com\/tidalfloats\/\" \/>\n<meta property=\"og:image\" content=\"https:\/\/tidalmarine.com\/assets\/SK-VP-LED.png\" \/>\n\t<meta property=\"og:image:width\" content=\"772\" \/>\n\t<meta property=\"og:image:height\" content=\"623\" \/>\n\t<meta property=\"og:image:type\" content=\"image\/png\" \/>\n<meta name=\"twitter:card\" content=\"summary_large_image\" \/>\n<meta name=\"twitter:label1\" content=\"Dur\u00e9e de lecture estim\u00e9e\" \/>\n\t<meta name=\"twitter:data1\" content=\"1 minute\" \/>\n<script type=\"application\/ld+json\" class=\"yoast-schema-graph\">{\"@context\":\"https:\\\/\\\/schema.org\",\"@graph\":[{\"@type\":\"WebPage\",\"@id\":\"https:\\\/\\\/tidalmarine.com\\\/product\\\/sk-vp-ii\\\/\",\"url\":\"https:\\\/\\\/tidalmarine.com\\\/product\\\/sk-vp-ii\\\/\",\"name\":\"SK-VP-LED - Tidal Marine\",\"isPartOf\":{\"@id\":\"https:\\\/\\\/tidalmarine.com\\\/#website\"},\"primaryImageOfPage\":{\"@id\":\"https:\\\/\\\/tidalmarine.com\\\/product\\\/sk-vp-ii\\\/#primaryimage\"},\"image\":{\"@id\":\"https:\\\/\\\/tidalmarine.com\\\/product\\\/sk-vp-ii\\\/#primaryimage\"},\"thumbnailUrl\":\"https:\\\/\\\/tidalmarine.com\\\/assets\\\/SK-VP-LED.png\",\"datePublished\":\"2024-03-14T15:09:17+00:00\",\"breadcrumb\":{\"@id\":\"https:\\\/\\\/tidalmarine.com\\\/product\\\/sk-vp-ii\\\/#breadcrumb\"},\"inLanguage\":\"fr-FR\",\"potentialAction\":[{\"@type\":\"ReadAction\",\"target\":[\"https:\\\/\\\/tidalmarine.com\\\/product\\\/sk-vp-ii\\\/\"]}]},{\"@type\":\"ImageObject\",\"inLanguage\":\"fr-FR\",\"@id\":\"https:\\\/\\\/tidalmarine.com\\\/product\\\/sk-vp-ii\\\/#primaryimage\",\"url\":\"https:\\\/\\\/tidalmarine.com\\\/assets\\\/SK-VP-LED.png\",\"contentUrl\":\"https:\\\/\\\/tidalmarine.com\\\/assets\\\/SK-VP-LED.png\",\"width\":772,\"height\":623},{\"@type\":\"BreadcrumbList\",\"@id\":\"https:\\\/\\\/tidalmarine.com\\\/product\\\/sk-vp-ii\\\/#breadcrumb\",\"itemListElement\":[{\"@type\":\"ListItem\",\"position\":1,\"name\":\"Home\",\"item\":\"https:\\\/\\\/tidalmarine.com\\\/\"},{\"@type\":\"ListItem\",\"position\":2,\"name\":\"SK-VP-LED\"}]},{\"@type\":\"WebSite\",\"@id\":\"https:\\\/\\\/tidalmarine.com\\\/#website\",\"url\":\"https:\\\/\\\/tidalmarine.com\\\/\",\"name\":\"Tidal Marine\",\"description\":\"Your Trusted Source for High-Quality Canadian Made Marine Products\",\"publisher\":{\"@id\":\"https:\\\/\\\/tidalmarine.com\\\/#organization\"},\"potentialAction\":[{\"@type\":\"SearchAction\",\"target\":{\"@type\":\"EntryPoint\",\"urlTemplate\":\"https:\\\/\\\/tidalmarine.com\\\/?s={search_term_string}\"},\"query-input\":{\"@type\":\"PropertyValueSpecification\",\"valueRequired\":true,\"valueName\":\"search_term_string\"}}],\"inLanguage\":\"fr-FR\"},{\"@type\":\"Organization\",\"@id\":\"https:\\\/\\\/tidalmarine.com\\\/#organization\",\"name\":\"Tidal Marine\",\"url\":\"https:\\\/\\\/tidalmarine.com\\\/\",\"logo\":{\"@type\":\"ImageObject\",\"inLanguage\":\"fr-FR\",\"@id\":\"https:\\\/\\\/tidalmarine.com\\\/#\\\/schema\\\/logo\\\/image\\\/\",\"url\":\"https:\\\/\\\/tidalmarine.com\\\/assets\\\/2024\\\/02\\\/logo_blue.svg\",\"contentUrl\":\"https:\\\/\\\/tidalmarine.com\\\/assets\\\/2024\\\/02\\\/logo_blue.svg\",\"width\":150,\"height\":60,\"caption\":\"Tidal Marine\"},\"image\":{\"@id\":\"https:\\\/\\\/tidalmarine.com\\\/#\\\/schema\\\/logo\\\/image\\\/\"},\"sameAs\":[\"https:\\\/\\\/www.facebook.com\\\/tidalfloats\\\/\"]}]}<\/script>\n<!-- \/ Yoast SEO plugin. -->","yoast_head_json":{"title":"SK-VP-LED - Tidal Marine","robots":{"index":"index","follow":"follow","max-snippet":"max-snippet:-1","max-image-preview":"max-image-preview:large","max-video-preview":"max-video-preview:-1"},"canonical":"https:\/\/tidalmarine.com\/product\/sk-vp-ii\/","og_locale":"fr_FR","og_type":"article","og_title":"SK-VP-LED - Tidal Marine","og_description":"Fabriqu\u00e9e en aluminium marin de qualit\u00e9 durable, la lanterne tricolore pour bou\u00e9e VP II est soigneusement con\u00e7ue et fabriqu\u00e9e pour des conditions de glace mod\u00e9r\u00e9es. Sa r\u00e9sistance \u00e9prouv\u00e9e \u00e0 la pression et aux forces de la glace, combin\u00e9e \u00e0 sa conception \u00e9pur\u00e9e et profil bas, fait de la VP II un \u00e9l\u00e9ment essentiel dans les [&hellip;]","og_url":"https:\/\/tidalmarine.com\/product\/sk-vp-ii\/","og_site_name":"Tidal Marine","article_publisher":"https:\/\/www.facebook.com\/tidalfloats\/","og_image":[{"width":772,"height":623,"url":"https:\/\/tidalmarine.com\/assets\/SK-VP-LED.png","type":"image\/png"}],"twitter_card":"summary_large_image","twitter_misc":{"Dur\u00e9e de lecture estim\u00e9e":"1 minute"},"schema":{"@context":"https:\/\/schema.org","@graph":[{"@type":"WebPage","@id":"https:\/\/tidalmarine.com\/product\/sk-vp-ii\/","url":"https:\/\/tidalmarine.com\/product\/sk-vp-ii\/","name":"SK-VP-LED - Tidal Marine","isPartOf":{"@id":"https:\/\/tidalmarine.com\/#website"},"primaryImageOfPage":{"@id":"https:\/\/tidalmarine.com\/product\/sk-vp-ii\/#primaryimage"},"image":{"@id":"https:\/\/tidalmarine.com\/product\/sk-vp-ii\/#primaryimage"},"thumbnailUrl":"https:\/\/tidalmarine.com\/assets\/SK-VP-LED.png","datePublished":"2024-03-14T15:09:17+00:00","breadcrumb":{"@id":"https:\/\/tidalmarine.com\/product\/sk-vp-ii\/#breadcrumb"},"inLanguage":"fr-FR","potentialAction":[{"@type":"ReadAction","target":["https:\/\/tidalmarine.com\/product\/sk-vp-ii\/"]}]},{"@type":"ImageObject","inLanguage":"fr-FR","@id":"https:\/\/tidalmarine.com\/product\/sk-vp-ii\/#primaryimage","url":"https:\/\/tidalmarine.com\/assets\/SK-VP-LED.png","contentUrl":"https:\/\/tidalmarine.com\/assets\/SK-VP-LED.png","width":772,"height":623},{"@type":"BreadcrumbList","@id":"https:\/\/tidalmarine.com\/product\/sk-vp-ii\/#breadcrumb","itemListElement":[{"@type":"ListItem","position":1,"name":"Home","item":"https:\/\/tidalmarine.com\/"},{"@type":"ListItem","position":2,"name":"SK-VP-LED"}]},{"@type":"WebSite","@id":"https:\/\/tidalmarine.com\/#website","url":"https:\/\/tidalmarine.com\/","name":"Tidal Marine","description":"Your Trusted Source for High-Quality Canadian Made Marine Products","publisher":{"@id":"https:\/\/tidalmarine.com\/#organization"},"potentialAction":[{"@type":"SearchAction","target":{"@type":"EntryPoint","urlTemplate":"https:\/\/tidalmarine.com\/?s={search_term_string}"},"query-input":{"@type":"PropertyValueSpecification","valueRequired":true,"valueName":"search_term_string"}}],"inLanguage":"fr-FR"},{"@type":"Organization","@id":"https:\/\/tidalmarine.com\/#organization","name":"Tidal Marine","url":"https:\/\/tidalmarine.com\/","logo":{"@type":"ImageObject","inLanguage":"fr-FR","@id":"https:\/\/tidalmarine.com\/#\/schema\/logo\/image\/","url":"https:\/\/tidalmarine.com\/assets\/2024\/02\/logo_blue.svg","contentUrl":"https:\/\/tidalmarine.com\/assets\/2024\/02\/logo_blue.svg","width":150,"height":60,"caption":"Tidal Marine"},"image":{"@id":"https:\/\/tidalmarine.com\/#\/schema\/logo\/image\/"},"sameAs":["https:\/\/www.facebook.com\/tidalfloats\/"]}]}},"_links":{"self":[{"href":"https:\/\/tidalmarine.com\/fr\/wp-json\/wp\/v2\/product\/6421","targetHints":{"allow":["GET"]}}],"collection":[{"href":"https:\/\/tidalmarine.com\/fr\/wp-json\/wp\/v2\/product"}],"about":[{"href":"https:\/\/tidalmarine.com\/fr\/wp-json\/wp\/v2\/types\/product"}],"wp:featuredmedia":[{"embeddable":true,"href":"https:\/\/tidalmarine.com\/fr\/wp-json\/wp\/v2\/media\/3641"}],"wp:attachment":[{"href":"https:\/\/tidalmarine.com\/fr\/wp-json\/wp\/v2\/media?parent=6421"}],"wp:term":[{"taxonomy":"product_brand","embeddable":true,"href":"https:\/\/tidalmarine.com\/fr\/wp-json\/wp\/v2\/product_brand?post=6421"},{"taxonomy":"product_cat","embeddable":true,"href":"https:\/\/tidalmarine.com\/fr\/wp-json\/wp\/v2\/product_cat?post=6421"},{"taxonomy":"product_tag","embeddable":true,"href":"https:\/\/tidalmarine.com\/fr\/wp-json\/wp\/v2\/product_tag?post=6421"}],"curies":[{"name":"wp","href":"https:\/\/api.w.org\/{rel}","templated":true}]}}