{"id":6424,"date":"2024-03-14T15:06:43","date_gmt":"2024-03-14T15:06:43","guid":{"rendered":"https:\/\/tidalmarine.com\/product\/sk-vll-43\/"},"modified":"2024-03-14T15:06:43","modified_gmt":"2024-03-14T15:06:43","slug":"sk-vll-43","status":"publish","type":"product","link":"https:\/\/tidalmarine.com\/fr\/produit\/sk-vll-43\/","title":{"rendered":"SK-VLL-43"},"content":{"rendered":"<p>13 NM to 22 NM @ 0.74T. Le feu lin\u00e9aire VLL-43 est un feu unidirectionnel puissant, id\u00e9al pour le balisage de courtes port\u00e9es et d\u2019obstacles. Le syst\u00e8me optique utilise une lentille en acrylique pour capter et projeter la lumi\u00e8re des DEL haute puissance. Les DEL sont rigoureusement class\u00e9es et positionn\u00e9es afin de produire un faisceau lumineux avec une variation d\u2019intensit\u00e9 minimale. N\u2019importe quel nombre de ces feux peut \u00eatre utilis\u00e9 pour atteindre la port\u00e9e souhait\u00e9e. Chaque unit\u00e9 poss\u00e8de sa propre carte de contr\u00f4le et peut \u00eatre exploit\u00e9e individuellement.<\/p>\n","protected":false},"excerpt":{"rendered":"<p>13 NM to 22 NM @ 0.74T. Le feu lin\u00e9aire VLL-43 est un feu unidirectionnel puissant, id\u00e9al pour le balisage de courtes port\u00e9es et d\u2019obstacles. Le syst\u00e8me optique utilise une lentille en acrylique pour capter et projeter la lumi\u00e8re des DEL haute puissance. Les DEL sont rigoureusement class\u00e9es et positionn\u00e9es afin de produire un faisceau [&hellip;]<\/p>\n","protected":false},"featured_media":3638,"menu_order":114,"template":"","meta":{"_acf_changed":false,"inline_featured_image":false},"product_brand":[],"product_cat":[225,226],"product_tag":[],"class_list":{"0":"post-6424","1":"product","2":"type-product","3":"status-publish","4":"has-post-thumbnail","6":"product_cat-aides-a-la-navigation","7":"product_cat-signaux-maritimes","8":"signaux-maritimes","10":"first","11":"instock","12":"shipping-taxable","13":"product-type-simple"},"acf":{"ms-features":"<span style=\"font-weight: 400;\">R\u00e9glages d\u2019intensit\u00e9 distincts pour le jour<\/span>\n\n<span style=\"font-weight: 400;\">Neuf r\u00e9glages de transition jour\/nuit.<\/span>\n\n<span style=\"font-weight: 400;\">Jusqu\u2019\u00e0 246 caract\u00e8res de clignotement standards.<\/span>\n\n<span style=\"font-weight: 400;\">Caract\u00e8res de flash enti\u00e8rement programmables<\/span>\n\n<span style=\"font-weight: 400;\">Synchronisation filaire avec options ma\u00eetre\/esclave<\/span>\n\n<span style=\"font-weight: 400;\">D\u00e9lai de synchronisation de 0,1 \u00e0 9,9 secondes<\/span>\n\n<span style=\"font-weight: 400;\">Coupure pour basse tension de la batterie<\/span>\n\n<span style=\"font-weight: 400;\">Code NIP optionnel pour la programmation<\/span>\n\n<span style=\"font-weight: 400;\">Synchronisation GPS externe \u00e0 l\u2019aide de l\u2019unit\u00e9 VSU-29<\/span>\n\n<span style=\"font-weight: 400;\">Correction automatique de Schmidt-Clausen pour l\u2019intensit\u00e9<\/span>","ms-specifications":[{"resource":{"title":"","url":"https:\/\/tidalmarine.com\/assets\/SK-VLL-43.pdf","target":"_blank"},"title":"","link_image":6955}]},"_links":{"self":[{"href":"https:\/\/tidalmarine.com\/fr\/wp-json\/wp\/v2\/product\/6424","targetHints":{"allow":["GET"]}}],"collection":[{"href":"https:\/\/tidalmarine.com\/fr\/wp-json\/wp\/v2\/product"}],"about":[{"href":"https:\/\/tidalmarine.com\/fr\/wp-json\/wp\/v2\/types\/product"}],"wp:featuredmedia":[{"embeddable":true,"href":"https:\/\/tidalmarine.com\/fr\/wp-json\/wp\/v2\/media\/3638"}],"wp:attachment":[{"href":"https:\/\/tidalmarine.com\/fr\/wp-json\/wp\/v2\/media?parent=6424"}],"wp:term":[{"taxonomy":"product_brand","embeddable":true,"href":"https:\/\/tidalmarine.com\/fr\/wp-json\/wp\/v2\/product_brand?post=6424"},{"taxonomy":"product_cat","embeddable":true,"href":"https:\/\/tidalmarine.com\/fr\/wp-json\/wp\/v2\/product_cat?post=6424"},{"taxonomy":"product_tag","embeddable":true,"href":"https:\/\/tidalmarine.com\/fr\/wp-json\/wp\/v2\/product_tag?post=6424"}],"curies":[{"name":"wp","href":"https:\/\/api.w.org\/{rel}","templated":true}]}}