{"id":6425,"date":"2024-03-14T15:05:55","date_gmt":"2024-03-14T15:05:55","guid":{"rendered":"https:\/\/tidalmarine.com\/product\/sk-vlb-5x-ss\/"},"modified":"2024-03-14T15:05:55","modified_gmt":"2024-03-14T15:05:55","slug":"sk-vlb-5x-ss","status":"publish","type":"product","link":"https:\/\/tidalmarine.com\/fr\/produit\/sk-vlb-5x-ss\/","title":{"rendered":"SK-VLB-5X-SS"},"content":{"rendered":"<p><span style=\"font-weight: 400;\">La VLB-5X-SS est une lanterne \u00e0 DEL autonome pour bou\u00e9es et balises, avec une port\u00e9e allant jusqu\u2019\u00e0 5,5\u202fMN. Elle int\u00e8gre la toute derni\u00e8re technologie DEL, une nouvelle technologie de batterie, ainsi qu\u2019un algorithme de charge avanc\u00e9 qui permet \u00e0 la batterie de bien fonctionner dans des conditions m\u00e9t\u00e9orologiques extr\u00eames.<\/span><\/p>\n","protected":false},"excerpt":{"rendered":"<p>La VLB-5X-SS est une lanterne \u00e0 DEL autonome pour bou\u00e9es et balises, avec une port\u00e9e allant jusqu\u2019\u00e0 5,5\u202fMN. Elle int\u00e8gre la toute derni\u00e8re technologie DEL, une nouvelle technologie de batterie, ainsi qu\u2019un algorithme de charge avanc\u00e9 qui permet \u00e0 la batterie de bien fonctionner dans des conditions m\u00e9t\u00e9orologiques extr\u00eames.<\/p>\n","protected":false},"featured_media":3636,"menu_order":102,"template":"","meta":{"_acf_changed":false,"inline_featured_image":false},"product_brand":[],"product_cat":[225,226],"product_tag":[],"class_list":{"0":"post-6425","1":"product","2":"type-product","3":"status-publish","4":"has-post-thumbnail","6":"product_cat-aides-a-la-navigation","7":"product_cat-signaux-maritimes","8":"signaux-maritimes","10":"first","11":"instock","12":"shipping-taxable","13":"product-type-simple"},"acf":{"ms-features":"<span style=\"font-weight: 400;\">Port\u00e9e optique \u2013 5,5\u202fMN<\/span>\n\n<span style=\"font-weight: 400;\">Cinq couleurs conformes aux exigences de chromaticit\u00e9 de l\u2019AISM<\/span>\n\n<span style=\"font-weight: 400;\">L\u2019intensit\u00e9 lumineuse s\u2019ajuste automatiquement selon le r\u00e9glage du caract\u00e8re de clignotement (Schmidt-Clausen)<\/span>\n\n<span style=\"font-weight: 400;\">12 options de niveaux lumineux pour la transition du jour \u00e0 la nuit<\/span>\n\n<span style=\"font-weight: 400;\">Plus de 256 caract\u00e8res de clignotement<\/span>\n\n<span style=\"font-weight: 400;\">Contr\u00f4le du fonctionnement du feu par calendrier<\/span>\n\n<span style=\"font-weight: 400;\">Sortie d\u2019alarme (notification du syst\u00e8me)<\/span>\n\n<span style=\"font-weight: 400;\">Disponible avec synchronisation GPS<\/span>","ms-specifications":[{"resource":{"title":"","url":"https:\/\/tidalmarine.com\/assets\/SK-VLB-5X-SS.pdf","target":"_blank"},"title":"","link_image":6943}]},"yoast_head":"<!-- This site is optimized with the Yoast SEO plugin v27.4 - https:\/\/yoast.com\/product\/yoast-seo-wordpress\/ -->\n<title>SK-VLB-5X-SS - Tidal Marine<\/title>\n<meta name=\"robots\" content=\"index, follow, max-snippet:-1, max-image-preview:large, max-video-preview:-1\" \/>\n<link rel=\"canonical\" href=\"https:\/\/tidalmarine.com\/fr\/product\/sk-vlb-5x-ss\/\" \/>\n<meta property=\"og:locale\" content=\"fr_FR\" \/>\n<meta property=\"og:type\" content=\"article\" \/>\n<meta property=\"og:title\" content=\"SK-VLB-5X-SS - Tidal Marine\" \/>\n<meta property=\"og:description\" content=\"La VLB-5X-SS est une lanterne \u00e0 DEL autonome pour bou\u00e9es et balises, avec une port\u00e9e allant jusqu\u2019\u00e0 5,5\u202fMN. Elle int\u00e8gre la toute derni\u00e8re technologie DEL, une nouvelle technologie de batterie, ainsi qu\u2019un algorithme de charge avanc\u00e9 qui permet \u00e0 la batterie de bien fonctionner dans des conditions m\u00e9t\u00e9orologiques extr\u00eames.\" \/>\n<meta property=\"og:url\" content=\"https:\/\/tidalmarine.com\/fr\/product\/sk-vlb-5x-ss\/\" \/>\n<meta property=\"og:site_name\" content=\"Tidal Marine\" \/>\n<meta property=\"article:publisher\" content=\"https:\/\/www.facebook.com\/tidalfloats\/\" \/>\n<meta property=\"og:image\" content=\"https:\/\/tidalmarine.com\/assets\/SK-VLB-5X-SS-jpg.avif\" \/>\n\t<meta property=\"og:image:width\" content=\"600\" \/>\n\t<meta property=\"og:image:height\" content=\"550\" \/>\n\t<meta property=\"og:image:type\" content=\"image\/jpeg\" \/>\n<meta name=\"twitter:card\" content=\"summary_large_image\" \/>\n<script type=\"application\/ld+json\" class=\"yoast-schema-graph\">{\"@context\":\"https:\\\/\\\/schema.org\",\"@graph\":[{\"@type\":\"WebPage\",\"@id\":\"https:\\\/\\\/tidalmarine.com\\\/fr\\\/product\\\/sk-vlb-5x-ss\\\/\",\"url\":\"https:\\\/\\\/tidalmarine.com\\\/fr\\\/product\\\/sk-vlb-5x-ss\\\/\",\"name\":\"SK-VLB-5X-SS - Tidal Marine\",\"isPartOf\":{\"@id\":\"https:\\\/\\\/tidalmarine.com\\\/#website\"},\"primaryImageOfPage\":{\"@id\":\"https:\\\/\\\/tidalmarine.com\\\/fr\\\/product\\\/sk-vlb-5x-ss\\\/#primaryimage\"},\"image\":{\"@id\":\"https:\\\/\\\/tidalmarine.com\\\/fr\\\/product\\\/sk-vlb-5x-ss\\\/#primaryimage\"},\"thumbnailUrl\":\"https:\\\/\\\/tidalmarine.com\\\/assets\\\/SK-VLB-5X-SS-jpg.avif\",\"datePublished\":\"2024-03-14T15:05:55+00:00\",\"breadcrumb\":{\"@id\":\"https:\\\/\\\/tidalmarine.com\\\/fr\\\/product\\\/sk-vlb-5x-ss\\\/#breadcrumb\"},\"inLanguage\":\"fr-FR\",\"potentialAction\":[{\"@type\":\"ReadAction\",\"target\":[\"https:\\\/\\\/tidalmarine.com\\\/fr\\\/product\\\/sk-vlb-5x-ss\\\/\"]}]},{\"@type\":\"ImageObject\",\"inLanguage\":\"fr-FR\",\"@id\":\"https:\\\/\\\/tidalmarine.com\\\/fr\\\/product\\\/sk-vlb-5x-ss\\\/#primaryimage\",\"url\":\"https:\\\/\\\/tidalmarine.com\\\/assets\\\/SK-VLB-5X-SS-jpg.avif\",\"contentUrl\":\"https:\\\/\\\/tidalmarine.com\\\/assets\\\/SK-VLB-5X-SS-jpg.avif\",\"width\":600,\"height\":550},{\"@type\":\"BreadcrumbList\",\"@id\":\"https:\\\/\\\/tidalmarine.com\\\/fr\\\/product\\\/sk-vlb-5x-ss\\\/#breadcrumb\",\"itemListElement\":[{\"@type\":\"ListItem\",\"position\":1,\"name\":\"Home\",\"item\":\"https:\\\/\\\/tidalmarine.com\\\/\"},{\"@type\":\"ListItem\",\"position\":2,\"name\":\"SK-VLB-5X-SS\"}]},{\"@type\":\"WebSite\",\"@id\":\"https:\\\/\\\/tidalmarine.com\\\/#website\",\"url\":\"https:\\\/\\\/tidalmarine.com\\\/\",\"name\":\"Tidal Marine\",\"description\":\"Your Trusted Source for High-Quality Canadian Made Marine Products\",\"publisher\":{\"@id\":\"https:\\\/\\\/tidalmarine.com\\\/#organization\"},\"potentialAction\":[{\"@type\":\"SearchAction\",\"target\":{\"@type\":\"EntryPoint\",\"urlTemplate\":\"https:\\\/\\\/tidalmarine.com\\\/?s={search_term_string}\"},\"query-input\":{\"@type\":\"PropertyValueSpecification\",\"valueRequired\":true,\"valueName\":\"search_term_string\"}}],\"inLanguage\":\"fr-FR\"},{\"@type\":\"Organization\",\"@id\":\"https:\\\/\\\/tidalmarine.com\\\/#organization\",\"name\":\"Tidal Marine\",\"url\":\"https:\\\/\\\/tidalmarine.com\\\/\",\"logo\":{\"@type\":\"ImageObject\",\"inLanguage\":\"fr-FR\",\"@id\":\"https:\\\/\\\/tidalmarine.com\\\/#\\\/schema\\\/logo\\\/image\\\/\",\"url\":\"https:\\\/\\\/tidalmarine.com\\\/assets\\\/2024\\\/02\\\/logo_blue.svg\",\"contentUrl\":\"https:\\\/\\\/tidalmarine.com\\\/assets\\\/2024\\\/02\\\/logo_blue.svg\",\"width\":150,\"height\":60,\"caption\":\"Tidal Marine\"},\"image\":{\"@id\":\"https:\\\/\\\/tidalmarine.com\\\/#\\\/schema\\\/logo\\\/image\\\/\"},\"sameAs\":[\"https:\\\/\\\/www.facebook.com\\\/tidalfloats\\\/\"]}]}<\/script>\n<!-- \/ Yoast SEO plugin. -->","yoast_head_json":{"title":"SK-VLB-5X-SS - Tidal Marine","robots":{"index":"index","follow":"follow","max-snippet":"max-snippet:-1","max-image-preview":"max-image-preview:large","max-video-preview":"max-video-preview:-1"},"canonical":"https:\/\/tidalmarine.com\/fr\/product\/sk-vlb-5x-ss\/","og_locale":"fr_FR","og_type":"article","og_title":"SK-VLB-5X-SS - Tidal Marine","og_description":"La VLB-5X-SS est une lanterne \u00e0 DEL autonome pour bou\u00e9es et balises, avec une port\u00e9e allant jusqu\u2019\u00e0 5,5\u202fMN. Elle int\u00e8gre la toute derni\u00e8re technologie DEL, une nouvelle technologie de batterie, ainsi qu\u2019un algorithme de charge avanc\u00e9 qui permet \u00e0 la batterie de bien fonctionner dans des conditions m\u00e9t\u00e9orologiques extr\u00eames.","og_url":"https:\/\/tidalmarine.com\/fr\/product\/sk-vlb-5x-ss\/","og_site_name":"Tidal Marine","article_publisher":"https:\/\/www.facebook.com\/tidalfloats\/","og_image":[{"width":600,"height":550,"url":"https:\/\/tidalmarine.com\/assets\/SK-VLB-5X-SS-jpg.avif","type":"image\/jpeg"}],"twitter_card":"summary_large_image","schema":{"@context":"https:\/\/schema.org","@graph":[{"@type":"WebPage","@id":"https:\/\/tidalmarine.com\/fr\/product\/sk-vlb-5x-ss\/","url":"https:\/\/tidalmarine.com\/fr\/product\/sk-vlb-5x-ss\/","name":"SK-VLB-5X-SS - Tidal Marine","isPartOf":{"@id":"https:\/\/tidalmarine.com\/#website"},"primaryImageOfPage":{"@id":"https:\/\/tidalmarine.com\/fr\/product\/sk-vlb-5x-ss\/#primaryimage"},"image":{"@id":"https:\/\/tidalmarine.com\/fr\/product\/sk-vlb-5x-ss\/#primaryimage"},"thumbnailUrl":"https:\/\/tidalmarine.com\/assets\/SK-VLB-5X-SS-jpg.avif","datePublished":"2024-03-14T15:05:55+00:00","breadcrumb":{"@id":"https:\/\/tidalmarine.com\/fr\/product\/sk-vlb-5x-ss\/#breadcrumb"},"inLanguage":"fr-FR","potentialAction":[{"@type":"ReadAction","target":["https:\/\/tidalmarine.com\/fr\/product\/sk-vlb-5x-ss\/"]}]},{"@type":"ImageObject","inLanguage":"fr-FR","@id":"https:\/\/tidalmarine.com\/fr\/product\/sk-vlb-5x-ss\/#primaryimage","url":"https:\/\/tidalmarine.com\/assets\/SK-VLB-5X-SS-jpg.avif","contentUrl":"https:\/\/tidalmarine.com\/assets\/SK-VLB-5X-SS-jpg.avif","width":600,"height":550},{"@type":"BreadcrumbList","@id":"https:\/\/tidalmarine.com\/fr\/product\/sk-vlb-5x-ss\/#breadcrumb","itemListElement":[{"@type":"ListItem","position":1,"name":"Home","item":"https:\/\/tidalmarine.com\/"},{"@type":"ListItem","position":2,"name":"SK-VLB-5X-SS"}]},{"@type":"WebSite","@id":"https:\/\/tidalmarine.com\/#website","url":"https:\/\/tidalmarine.com\/","name":"Tidal Marine","description":"Your Trusted Source for High-Quality Canadian Made Marine Products","publisher":{"@id":"https:\/\/tidalmarine.com\/#organization"},"potentialAction":[{"@type":"SearchAction","target":{"@type":"EntryPoint","urlTemplate":"https:\/\/tidalmarine.com\/?s={search_term_string}"},"query-input":{"@type":"PropertyValueSpecification","valueRequired":true,"valueName":"search_term_string"}}],"inLanguage":"fr-FR"},{"@type":"Organization","@id":"https:\/\/tidalmarine.com\/#organization","name":"Tidal Marine","url":"https:\/\/tidalmarine.com\/","logo":{"@type":"ImageObject","inLanguage":"fr-FR","@id":"https:\/\/tidalmarine.com\/#\/schema\/logo\/image\/","url":"https:\/\/tidalmarine.com\/assets\/2024\/02\/logo_blue.svg","contentUrl":"https:\/\/tidalmarine.com\/assets\/2024\/02\/logo_blue.svg","width":150,"height":60,"caption":"Tidal Marine"},"image":{"@id":"https:\/\/tidalmarine.com\/#\/schema\/logo\/image\/"},"sameAs":["https:\/\/www.facebook.com\/tidalfloats\/"]}]}},"_links":{"self":[{"href":"https:\/\/tidalmarine.com\/fr\/wp-json\/wp\/v2\/product\/6425","targetHints":{"allow":["GET"]}}],"collection":[{"href":"https:\/\/tidalmarine.com\/fr\/wp-json\/wp\/v2\/product"}],"about":[{"href":"https:\/\/tidalmarine.com\/fr\/wp-json\/wp\/v2\/types\/product"}],"wp:featuredmedia":[{"embeddable":true,"href":"https:\/\/tidalmarine.com\/fr\/wp-json\/wp\/v2\/media\/3636"}],"wp:attachment":[{"href":"https:\/\/tidalmarine.com\/fr\/wp-json\/wp\/v2\/media?parent=6425"}],"wp:term":[{"taxonomy":"product_brand","embeddable":true,"href":"https:\/\/tidalmarine.com\/fr\/wp-json\/wp\/v2\/product_brand?post=6425"},{"taxonomy":"product_cat","embeddable":true,"href":"https:\/\/tidalmarine.com\/fr\/wp-json\/wp\/v2\/product_cat?post=6425"},{"taxonomy":"product_tag","embeddable":true,"href":"https:\/\/tidalmarine.com\/fr\/wp-json\/wp\/v2\/product_tag?post=6425"}],"curies":[{"name":"wp","href":"https:\/\/api.w.org\/{rel}","templated":true}]}}