{"id":6427,"date":"2024-03-14T15:05:01","date_gmt":"2024-03-14T15:05:01","guid":{"rendered":"https:\/\/tidalmarine.com\/product\/sk-slu-24-slu-36\/"},"modified":"2024-03-14T15:05:01","modified_gmt":"2024-03-14T15:05:01","slug":"sk-slu-24-slu-36","status":"publish","type":"product","link":"https:\/\/tidalmarine.com\/fr\/produit\/sk-slu-24-slu-36\/","title":{"rendered":"SK-SLU-24 SLU-36"},"content":{"rendered":"<p><span style=\"font-weight: 400;\">UNIT\u00c9 DE PHARE SABIK \u2013 Source lumineuse \u00e0 DEL con\u00e7ue pour remplacer la lampe traditionnelle \u00e0 l\u2019int\u00e9rieur des phares historiques. L\u2019unit\u00e9 de phare Sabik (SLU-24 \/ SLU-36) est une source lumineuse \u00e0 semi-conducteurs fiable et efficace, con\u00e7ue pour remplacer les lampes traditionnelles dans les optiques classiques de phares rotatifs ou fixes. Elle prolonge la dur\u00e9e de vie des phares traditionnels sans travaux co\u00fbteux et complexes ni op\u00e9rations de mise hors service. Le produit offre \u00e9galement de nombreux autres avantages, tels que la possibilit\u00e9 de surveillance \u00e0 distance, des co\u00fbts d\u2019entretien r\u00e9duits et la possibilit\u00e9 d\u2019utiliser l\u2019\u00e9nergie solaire ou d\u2019autres sources d\u2019\u00e9nergie renouvelable. Tout cela, tout en pr\u00e9servant l\u2019apparence traditionnelle, les optiques existantes, le faisceau rotatif, les caract\u00e9ristiques de clignotement et la valeur patrimoniale des phares traditionnels.<\/span><\/p>\n","protected":false},"excerpt":{"rendered":"<p>UNIT\u00c9 DE PHARE SABIK \u2013 Source lumineuse \u00e0 DEL con\u00e7ue pour remplacer la lampe traditionnelle \u00e0 l\u2019int\u00e9rieur des phares historiques. L\u2019unit\u00e9 de phare Sabik (SLU-24 \/ SLU-36) est une source lumineuse \u00e0 semi-conducteurs fiable et efficace, con\u00e7ue pour remplacer les lampes traditionnelles dans les optiques classiques de phares rotatifs ou fixes. Elle prolonge la dur\u00e9e [&hellip;]<\/p>\n","protected":false},"featured_media":3634,"menu_order":126,"template":"","meta":{"_acf_changed":false,"inline_featured_image":false},"product_brand":[],"product_cat":[225,226],"product_tag":[],"class_list":{"0":"post-6427","1":"product","2":"type-product","3":"status-publish","4":"has-post-thumbnail","6":"product_cat-aides-a-la-navigation","7":"product_cat-signaux-maritimes","8":"signaux-maritimes","10":"first","11":"instock","12":"shipping-taxable","13":"product-type-simple"},"acf":{"ms-features":"<span style=\"font-weight: 400;\">Structure robuste en cuivre\/aluminium avec une attention particuli\u00e8re \u00e0 la gestion thermique afin d\u2019assurer la long\u00e9vit\u00e9 des DEL<\/span>\n\n<span style=\"font-weight: 400;\">Port\u00e9e allant jusqu\u2019\u00e0 24\u202fMN \u00e0 Tc = 0,74<\/span>\n\n<span style=\"font-weight: 400;\">Couleurs blanc froid et blanc chaud<\/span>\n\n<span style=\"font-weight: 400;\">Consommation d\u2019\u00e9nergie extr\u00eamement faible, adapt\u00e9e \u00e0 un fonctionnement sur batterie et \u00e0 l\u2019\u00e9nergie solaire<\/span>\n\n<span style=\"font-weight: 400;\">Chargeur solaire int\u00e9gr\u00e9 de 16\u202fA utilisant la modulation de largeur d\u2019impulsion (PWM)<\/span>\n\n<span style=\"font-weight: 400;\">Clignoteur int\u00e9gr\u00e9 avec interrupteur automatique jour-nuit<\/span>\n\n<span style=\"font-weight: 400;\">Intensit\u00e9 et port\u00e9e r\u00e9glables<\/span>\n\n<span style=\"font-weight: 400;\">Programmable avec les dispositifs de programmation infrarouge standard de Sabik<\/span>\n\n<span style=\"font-weight: 400;\">Journal des \u00e9v\u00e9nements int\u00e9gr\u00e9 pour 365 jours<\/span>\n\n<span style=\"font-weight: 400;\">Surveillance \u00e0 distance GNSS int\u00e9gr\u00e9e en option<\/span>","ms-specifications":[{"resource":{"title":"","url":"https:\/\/tidalmarine.com\/assets\/SK-SLU-24_SLU-36.pdf","target":"_blank"},"title":"","link_image":6973}]},"yoast_head":"<!-- This site is optimized with the Yoast SEO plugin v27.6 - https:\/\/yoast.com\/product\/yoast-seo-wordpress\/ -->\n<title>SK-SLU-24 SLU-36 - Tidal Marine<\/title>\n<meta name=\"robots\" content=\"index, follow, max-snippet:-1, max-image-preview:large, max-video-preview:-1\" \/>\n<link rel=\"canonical\" href=\"https:\/\/tidalmarine.com\/product\/sk-slu-24-slu-36\/\" \/>\n<meta property=\"og:locale\" content=\"fr_FR\" \/>\n<meta property=\"og:type\" content=\"article\" \/>\n<meta property=\"og:title\" content=\"SK-SLU-24 SLU-36 - Tidal Marine\" \/>\n<meta property=\"og:description\" content=\"UNIT\u00c9 DE PHARE SABIK \u2013 Source lumineuse \u00e0 DEL con\u00e7ue pour remplacer la lampe traditionnelle \u00e0 l\u2019int\u00e9rieur des phares historiques. L\u2019unit\u00e9 de phare Sabik (SLU-24 \/ SLU-36) est une source lumineuse \u00e0 semi-conducteurs fiable et efficace, con\u00e7ue pour remplacer les lampes traditionnelles dans les optiques classiques de phares rotatifs ou fixes. Elle prolonge la dur\u00e9e [&hellip;]\" \/>\n<meta property=\"og:url\" content=\"https:\/\/tidalmarine.com\/product\/sk-slu-24-slu-36\/\" \/>\n<meta property=\"og:site_name\" content=\"Tidal Marine\" \/>\n<meta property=\"article:publisher\" content=\"https:\/\/www.facebook.com\/tidalfloats\/\" \/>\n<meta property=\"og:image\" content=\"https:\/\/tidalmarine.com\/assets\/SK-SLU-24-SLU-36-jpg.avif\" \/>\n\t<meta property=\"og:image:width\" content=\"600\" \/>\n\t<meta property=\"og:image:height\" content=\"550\" \/>\n\t<meta property=\"og:image:type\" content=\"image\/jpeg\" \/>\n<meta name=\"twitter:card\" content=\"summary_large_image\" \/>\n<meta name=\"twitter:label1\" content=\"Dur\u00e9e de lecture estim\u00e9e\" \/>\n\t<meta name=\"twitter:data1\" content=\"1 minute\" \/>\n<script type=\"application\/ld+json\" class=\"yoast-schema-graph\">{\"@context\":\"https:\\\/\\\/schema.org\",\"@graph\":[{\"@type\":\"WebPage\",\"@id\":\"https:\\\/\\\/tidalmarine.com\\\/product\\\/sk-slu-24-slu-36\\\/\",\"url\":\"https:\\\/\\\/tidalmarine.com\\\/product\\\/sk-slu-24-slu-36\\\/\",\"name\":\"SK-SLU-24 SLU-36 - Tidal Marine\",\"isPartOf\":{\"@id\":\"https:\\\/\\\/tidalmarine.com\\\/#website\"},\"primaryImageOfPage\":{\"@id\":\"https:\\\/\\\/tidalmarine.com\\\/product\\\/sk-slu-24-slu-36\\\/#primaryimage\"},\"image\":{\"@id\":\"https:\\\/\\\/tidalmarine.com\\\/product\\\/sk-slu-24-slu-36\\\/#primaryimage\"},\"thumbnailUrl\":\"https:\\\/\\\/tidalmarine.com\\\/assets\\\/SK-SLU-24-SLU-36-jpg.avif\",\"datePublished\":\"2024-03-14T15:05:01+00:00\",\"breadcrumb\":{\"@id\":\"https:\\\/\\\/tidalmarine.com\\\/product\\\/sk-slu-24-slu-36\\\/#breadcrumb\"},\"inLanguage\":\"fr-FR\",\"potentialAction\":[{\"@type\":\"ReadAction\",\"target\":[\"https:\\\/\\\/tidalmarine.com\\\/product\\\/sk-slu-24-slu-36\\\/\"]}]},{\"@type\":\"ImageObject\",\"inLanguage\":\"fr-FR\",\"@id\":\"https:\\\/\\\/tidalmarine.com\\\/product\\\/sk-slu-24-slu-36\\\/#primaryimage\",\"url\":\"https:\\\/\\\/tidalmarine.com\\\/assets\\\/SK-SLU-24-SLU-36-jpg.avif\",\"contentUrl\":\"https:\\\/\\\/tidalmarine.com\\\/assets\\\/SK-SLU-24-SLU-36-jpg.avif\",\"width\":600,\"height\":550},{\"@type\":\"BreadcrumbList\",\"@id\":\"https:\\\/\\\/tidalmarine.com\\\/product\\\/sk-slu-24-slu-36\\\/#breadcrumb\",\"itemListElement\":[{\"@type\":\"ListItem\",\"position\":1,\"name\":\"Home\",\"item\":\"https:\\\/\\\/tidalmarine.com\\\/\"},{\"@type\":\"ListItem\",\"position\":2,\"name\":\"SK-SLU-24 SLU-36\"}]},{\"@type\":\"WebSite\",\"@id\":\"https:\\\/\\\/tidalmarine.com\\\/#website\",\"url\":\"https:\\\/\\\/tidalmarine.com\\\/\",\"name\":\"Tidal Marine\",\"description\":\"Your Trusted Source for High-Quality Canadian Made Marine Products\",\"publisher\":{\"@id\":\"https:\\\/\\\/tidalmarine.com\\\/#organization\"},\"potentialAction\":[{\"@type\":\"SearchAction\",\"target\":{\"@type\":\"EntryPoint\",\"urlTemplate\":\"https:\\\/\\\/tidalmarine.com\\\/?s={search_term_string}\"},\"query-input\":{\"@type\":\"PropertyValueSpecification\",\"valueRequired\":true,\"valueName\":\"search_term_string\"}}],\"inLanguage\":\"fr-FR\"},{\"@type\":\"Organization\",\"@id\":\"https:\\\/\\\/tidalmarine.com\\\/#organization\",\"name\":\"Tidal Marine\",\"url\":\"https:\\\/\\\/tidalmarine.com\\\/\",\"logo\":{\"@type\":\"ImageObject\",\"inLanguage\":\"fr-FR\",\"@id\":\"https:\\\/\\\/tidalmarine.com\\\/#\\\/schema\\\/logo\\\/image\\\/\",\"url\":\"https:\\\/\\\/tidalmarine.com\\\/assets\\\/2024\\\/02\\\/logo_blue.svg\",\"contentUrl\":\"https:\\\/\\\/tidalmarine.com\\\/assets\\\/2024\\\/02\\\/logo_blue.svg\",\"width\":150,\"height\":60,\"caption\":\"Tidal Marine\"},\"image\":{\"@id\":\"https:\\\/\\\/tidalmarine.com\\\/#\\\/schema\\\/logo\\\/image\\\/\"},\"sameAs\":[\"https:\\\/\\\/www.facebook.com\\\/tidalfloats\\\/\"]}]}<\/script>\n<!-- \/ Yoast SEO plugin. -->","yoast_head_json":{"title":"SK-SLU-24 SLU-36 - Tidal Marine","robots":{"index":"index","follow":"follow","max-snippet":"max-snippet:-1","max-image-preview":"max-image-preview:large","max-video-preview":"max-video-preview:-1"},"canonical":"https:\/\/tidalmarine.com\/product\/sk-slu-24-slu-36\/","og_locale":"fr_FR","og_type":"article","og_title":"SK-SLU-24 SLU-36 - Tidal Marine","og_description":"UNIT\u00c9 DE PHARE SABIK \u2013 Source lumineuse \u00e0 DEL con\u00e7ue pour remplacer la lampe traditionnelle \u00e0 l\u2019int\u00e9rieur des phares historiques. L\u2019unit\u00e9 de phare Sabik (SLU-24 \/ SLU-36) est une source lumineuse \u00e0 semi-conducteurs fiable et efficace, con\u00e7ue pour remplacer les lampes traditionnelles dans les optiques classiques de phares rotatifs ou fixes. Elle prolonge la dur\u00e9e [&hellip;]","og_url":"https:\/\/tidalmarine.com\/product\/sk-slu-24-slu-36\/","og_site_name":"Tidal Marine","article_publisher":"https:\/\/www.facebook.com\/tidalfloats\/","og_image":[{"width":600,"height":550,"url":"https:\/\/tidalmarine.com\/assets\/SK-SLU-24-SLU-36-jpg.avif","type":"image\/jpeg"}],"twitter_card":"summary_large_image","twitter_misc":{"Dur\u00e9e de lecture estim\u00e9e":"1 minute"},"schema":{"@context":"https:\/\/schema.org","@graph":[{"@type":"WebPage","@id":"https:\/\/tidalmarine.com\/product\/sk-slu-24-slu-36\/","url":"https:\/\/tidalmarine.com\/product\/sk-slu-24-slu-36\/","name":"SK-SLU-24 SLU-36 - Tidal Marine","isPartOf":{"@id":"https:\/\/tidalmarine.com\/#website"},"primaryImageOfPage":{"@id":"https:\/\/tidalmarine.com\/product\/sk-slu-24-slu-36\/#primaryimage"},"image":{"@id":"https:\/\/tidalmarine.com\/product\/sk-slu-24-slu-36\/#primaryimage"},"thumbnailUrl":"https:\/\/tidalmarine.com\/assets\/SK-SLU-24-SLU-36-jpg.avif","datePublished":"2024-03-14T15:05:01+00:00","breadcrumb":{"@id":"https:\/\/tidalmarine.com\/product\/sk-slu-24-slu-36\/#breadcrumb"},"inLanguage":"fr-FR","potentialAction":[{"@type":"ReadAction","target":["https:\/\/tidalmarine.com\/product\/sk-slu-24-slu-36\/"]}]},{"@type":"ImageObject","inLanguage":"fr-FR","@id":"https:\/\/tidalmarine.com\/product\/sk-slu-24-slu-36\/#primaryimage","url":"https:\/\/tidalmarine.com\/assets\/SK-SLU-24-SLU-36-jpg.avif","contentUrl":"https:\/\/tidalmarine.com\/assets\/SK-SLU-24-SLU-36-jpg.avif","width":600,"height":550},{"@type":"BreadcrumbList","@id":"https:\/\/tidalmarine.com\/product\/sk-slu-24-slu-36\/#breadcrumb","itemListElement":[{"@type":"ListItem","position":1,"name":"Home","item":"https:\/\/tidalmarine.com\/"},{"@type":"ListItem","position":2,"name":"SK-SLU-24 SLU-36"}]},{"@type":"WebSite","@id":"https:\/\/tidalmarine.com\/#website","url":"https:\/\/tidalmarine.com\/","name":"Tidal Marine","description":"Your Trusted Source for High-Quality Canadian Made Marine Products","publisher":{"@id":"https:\/\/tidalmarine.com\/#organization"},"potentialAction":[{"@type":"SearchAction","target":{"@type":"EntryPoint","urlTemplate":"https:\/\/tidalmarine.com\/?s={search_term_string}"},"query-input":{"@type":"PropertyValueSpecification","valueRequired":true,"valueName":"search_term_string"}}],"inLanguage":"fr-FR"},{"@type":"Organization","@id":"https:\/\/tidalmarine.com\/#organization","name":"Tidal Marine","url":"https:\/\/tidalmarine.com\/","logo":{"@type":"ImageObject","inLanguage":"fr-FR","@id":"https:\/\/tidalmarine.com\/#\/schema\/logo\/image\/","url":"https:\/\/tidalmarine.com\/assets\/2024\/02\/logo_blue.svg","contentUrl":"https:\/\/tidalmarine.com\/assets\/2024\/02\/logo_blue.svg","width":150,"height":60,"caption":"Tidal Marine"},"image":{"@id":"https:\/\/tidalmarine.com\/#\/schema\/logo\/image\/"},"sameAs":["https:\/\/www.facebook.com\/tidalfloats\/"]}]}},"_links":{"self":[{"href":"https:\/\/tidalmarine.com\/fr\/wp-json\/wp\/v2\/product\/6427","targetHints":{"allow":["GET"]}}],"collection":[{"href":"https:\/\/tidalmarine.com\/fr\/wp-json\/wp\/v2\/product"}],"about":[{"href":"https:\/\/tidalmarine.com\/fr\/wp-json\/wp\/v2\/types\/product"}],"wp:featuredmedia":[{"embeddable":true,"href":"https:\/\/tidalmarine.com\/fr\/wp-json\/wp\/v2\/media\/3634"}],"wp:attachment":[{"href":"https:\/\/tidalmarine.com\/fr\/wp-json\/wp\/v2\/media?parent=6427"}],"wp:term":[{"taxonomy":"product_brand","embeddable":true,"href":"https:\/\/tidalmarine.com\/fr\/wp-json\/wp\/v2\/product_brand?post=6427"},{"taxonomy":"product_cat","embeddable":true,"href":"https:\/\/tidalmarine.com\/fr\/wp-json\/wp\/v2\/product_cat?post=6427"},{"taxonomy":"product_tag","embeddable":true,"href":"https:\/\/tidalmarine.com\/fr\/wp-json\/wp\/v2\/product_tag?post=6427"}],"curies":[{"name":"wp","href":"https:\/\/api.w.org\/{rel}","templated":true}]}}